{"id":10096,"date":"2021-12-09T00:00:00","date_gmt":"2021-12-08T23:00:00","guid":{"rendered":"https:\/\/partyinabox.dk\/party\/?post_type=product&#038;p=10096"},"modified":"2026-04-03T13:55:47","modified_gmt":"2026-04-03T11:55:47","slug":"creme-organza-loeber-med-guld-brokade-print","status":"publish","type":"product","link":"https:\/\/partyinabox.dk\/party\/vare\/creme-organza-loeber-med-guld-brokade-print\/","title":{"rendered":"Organza bordl\u00f8ber m\/guld glimmer print"},"content":{"rendered":"<p>Giv dit festbord en elegant wow-effekt med denne organza bordl\u00f8ber med et smukt brokade guld glimmer print. Bordl\u00f8beren er perfekt p\u00e5 bordet til f.eks. bryllup, eid eller nyt\u00e5r.<\/p>\n<p>Indhold: 1 stk. \/ M\u00e5l: 36 cm x 9 m (B x L)<\/p>\n","protected":false},"excerpt":{"rendered":"<p>Giv dit festbord en elegant wow-effekt med denne organza bordl\u00f8ber med et smukt brokade guld glimmer print. Bordl\u00f8beren er perfekt p\u00e5 bordet til f.eks. bryllup, eid eller nyt\u00e5r. Indhold: 1 stk. \/ M\u00e5l: 36 cm x 9 m (B x [&hellip;]<\/p>\n","protected":false},"featured_media":52375,"template":"","meta":{"_acf_changed":false},"product_brand":[],"product_cat":[32],"product_tag":[],"class_list":{"0":"post-10096","1":"product","2":"type-product","3":"status-publish","4":"has-post-thumbnail","6":"product_cat-service","8":"first","9":"instock","10":"taxable","11":"shipping-taxable","12":"purchasable","13":"product-type-simple"},"bundled_by":[],"bundle_stock_status":"instock","bundle_stock_quantity":37,"bundle_virtual":false,"bundle_layout":"","bundle_add_to_cart_form_location":"","bundle_editable_in_cart":false,"bundle_sold_individually_context":"","bundle_item_grouping":"","bundle_min_size":"","bundle_max_size":"","bundle_price":[],"bundled_items":[],"bundle_sell_ids":[],"acf":[],"tiered_pricing_type":"fixed","tiered_pricing_fixed_rules":[],"tiered_pricing_product_settings":{"layout":"default","base_unit_name":{"singular":null,"plural":null},"default_variation":null},"tiered_pricing_minimum_quantity":null,"tiered_pricing_roles_data":[],"tiered_pricing_percentage_rules":[],"tiered_pricing_maximum_quantity":null,"tiered_pricing_quantity_step":null,"_links":{"self":[{"href":"https:\/\/partyinabox.dk\/party\/wp-json\/wp\/v2\/product\/10096","targetHints":{"allow":["GET"]}}],"collection":[{"href":"https:\/\/partyinabox.dk\/party\/wp-json\/wp\/v2\/product"}],"about":[{"href":"https:\/\/partyinabox.dk\/party\/wp-json\/wp\/v2\/types\/product"}],"wp:featuredmedia":[{"embeddable":true,"href":"https:\/\/partyinabox.dk\/party\/wp-json\/wp\/v2\/media\/52375"}],"wp:attachment":[{"href":"https:\/\/partyinabox.dk\/party\/wp-json\/wp\/v2\/media?parent=10096"}],"wp:term":[{"taxonomy":"product_brand","embeddable":true,"href":"https:\/\/partyinabox.dk\/party\/wp-json\/wp\/v2\/product_brand?post=10096"},{"taxonomy":"product_cat","embeddable":true,"href":"https:\/\/partyinabox.dk\/party\/wp-json\/wp\/v2\/product_cat?post=10096"},{"taxonomy":"product_tag","embeddable":true,"href":"https:\/\/partyinabox.dk\/party\/wp-json\/wp\/v2\/product_tag?post=10096"}],"curies":[{"name":"wp","href":"https:\/\/api.w.org\/{rel}","templated":true}]}}