{"id":69655,"date":"2024-09-02T15:45:40","date_gmt":"2024-09-02T13:45:40","guid":{"rendered":"https:\/\/partyinabox.dk\/party\/?page_id=69655"},"modified":"2025-07-16T12:21:28","modified_gmt":"2025-07-16T10:21:28","slug":"personaliserede-gaesteboeger","status":"publish","type":"page","link":"https:\/\/partyinabox.dk\/party\/personaliserede-gaesteboeger\/","title":{"rendered":"Personaliserede g\u00e6steb\u00f8ger"},"content":{"rendered":"\n<h4 class=\"wp-block-heading\" id=\"send-en-ballon-hilsen-fyldt-med-glaede\">G\u00f8r alle livets sm\u00e5 og store begivenheder til noget helt s\u00e6rligt ved at lave din helt unikke g\u00e6stebog fra Party In A Box!<\/h4>\n\n\n\n<ul class=\"wp-block-list\">\n<li>En personlig g\u00e6stebog g\u00f8r festen mere personlig<\/li>\n\n\n\n<li>Sammens\u00e6t selv din egen tekst<\/li>\n\n\n\n<li>F\u00e5 leveret g\u00e6stebogen indenfor f\u00e5 dage (dansk produceret)<\/li>\n<\/ul>\n\n\n\n<h3 class=\"wp-block-heading\"><strong>Levering<\/strong><\/h3>\n\n\n\n<p><\/p>\n\n\n\n<p>Bem\u00e6rk; Dette er en produktionsvare.<\/p>\n\n\n\n<p>Varen sendes separat. Vi printer hver onsdag med levering den efterf\u00f8lgende dag.<\/p>\n\n\n\n<p>Afgiver du din ordre onsdag inden kl 8.00 vil din vare blive produceret samme dag.\u00a0<\/p>\n\n\n\n<p>Fra du bestiller din g\u00e6stebog kan der g\u00e5 op til 7 hverdage f\u00f8r du modtager den. Har du bestilt andre varer skal du v\u00e6re opm\u00e6rksom p\u00e5 at g\u00e6stebogen kommer separat.<\/p>\n\n\n\n<p><\/p>\n","protected":false},"excerpt":{"rendered":"<p>G\u00f8r alle livets sm\u00e5 og store begivenheder til noget helt s\u00e6rligt ved at lave din helt unikke g\u00e6stebog fra Party In A Box! Levering Bem\u00e6rk; Dette er en produktionsvare. Varen sendes separat. Vi printer hver onsdag med levering den efterf\u00f8lgende [&hellip;]<\/p>\n","protected":false},"author":2,"featured_media":0,"parent":0,"menu_order":0,"comment_status":"closed","ping_status":"closed","template":"","meta":{"_acf_changed":false,"footnotes":""},"class_list":["post-69655","page","type-page","status-publish","format-standard","hentry"],"acf":[],"_links":{"self":[{"href":"https:\/\/partyinabox.dk\/party\/wp-json\/wp\/v2\/pages\/69655","targetHints":{"allow":["GET"]}}],"collection":[{"href":"https:\/\/partyinabox.dk\/party\/wp-json\/wp\/v2\/pages"}],"about":[{"href":"https:\/\/partyinabox.dk\/party\/wp-json\/wp\/v2\/types\/page"}],"author":[{"embeddable":true,"href":"https:\/\/partyinabox.dk\/party\/wp-json\/wp\/v2\/users\/2"}],"replies":[{"embeddable":true,"href":"https:\/\/partyinabox.dk\/party\/wp-json\/wp\/v2\/comments?post=69655"}],"version-history":[{"count":0,"href":"https:\/\/partyinabox.dk\/party\/wp-json\/wp\/v2\/pages\/69655\/revisions"}],"wp:attachment":[{"href":"https:\/\/partyinabox.dk\/party\/wp-json\/wp\/v2\/media?parent=69655"}],"curies":[{"name":"wp","href":"https:\/\/api.w.org\/{rel}","templated":true}]}}