{"id":28,"date":"2019-08-04T10:33:02","date_gmt":"2019-08-04T08:33:02","guid":{"rendered":"https:\/\/partyinabox.bubblewp.dk\/?page_id=28"},"modified":"2023-10-05T09:34:01","modified_gmt":"2023-10-05T07:34:01","slug":"om-mig","status":"publish","type":"page","link":"https:\/\/partyinabox.dk\/party\/om-mig\/","title":{"rendered":"Om mig"},"content":{"rendered":"\n<h1 class=\"wp-block-heading\">Om mig<br>&#8211; Fra dr\u00f8m til virkelighed<\/h1>\n\n\n\n<p>Ideen til Party In A Box blev skabt, da jeg ofte har h\u00f8rt, hvor meget tid for\u00e6ldre bruger p\u00e5, at lave den ultimative f\u00f8dselsdagsfest til deres b\u00f8rn. B\u00f8rnene har ofte store \u00f8nsker og forventninger til dagen, hvilket kr\u00e6ver lang tids forberedelse. Jeg oplevede at festen blev til et meget tidskr\u00e6vende projekt, hvilket jeg syntes var rigtig \u00e6rgerligt.  Jeg t\u00e6nkte derfor, at det m\u00e5tte der v\u00e6re en nemmere l\u00f8sning p\u00e5 \ud83e\udd14<\/p>\n\n\n\n<p>Der skal bruges meget pynt til en fest, og det er sj\u00e6ldent samlet \u00e9t sted. Det kr\u00e6ver derfor tid, energi og overskud, at finde al den pynt, som g\u00f8r festen speciel. Det er d\u00e9t, der g\u00f8r Party In A Box unik! \u2728 Jeg har udvalgt den mest s\u00f8de, sjove, seje og festlige pynt til hvert tema.  Gennem mine mange \u00e5r i leget\u00f8jsbranchen har jeg et stort kendskab til hvilke brands og tendenser der er oppe i tiden. Dette giver mig de bedste foruds\u00e6tninger for, at lave de temafester som b\u00f8rnene \u00f8nsker sig.  Jeg h\u00e5ber, at du syntes godt om Party In A Box og at b\u00f8rnef\u00f8dselsdagen bliver nemmere for dig \ud83c\udf89<\/p>\n\n\n\n<h2 class=\"wp-block-heading\">Voksne elsker ogs\u00e5 pynt<\/h2>\n\n\n\n<p>Jeg fandt hurtigt ud af at id\u00e9en om at f\u00e5 alt pynt til festen leveret i en samlet box, ikke kun var et behov til b\u00f8rnef\u00f8dselsdagen, men til alle livets fester. Jeg fik rigtig mange foresp\u00f8rgsler p\u00e5 pynt til bryllupper, runde f\u00f8dselsdage, barned\u00e5b og konfirmation, s\u00e5 jeg begyndte at lave personlige tilbud p\u00e5 boxe til folk pr. mail, og pludselig fyldte den del rigtig meget. P\u00e5 den m\u00e5de fik jeg &#8216;proof of concept&#8217;, og vidste at jeg m\u00e5tte udvide forretningen med lynets hast. P\u00e5 den m\u00e5de blev det party univers, som du sidder i lige nu, f\u00f8dt og jeg h\u00e5ber, at min vision om at g\u00f8re det let, tidsbesparende og inspirerende at k\u00f8be pynt til alle livets fester er lykkedes \ud83e\udd73<\/p>\n\n\n\n<h2 class=\"wp-block-heading\">En del af Temashop<\/h2>\n\n\n\n<p>Med \u00e5rene er party universet bare vokset og vokset, og det var derfor p\u00e5 tide mere flere h\u00e6nder, mere know how og selvf\u00f8lgelig meget mere fed pynt p\u00e5 shoppen \u2728 I 2023 blev Party In A Box derfor en del af Temashop, der er en af Nordens st\u00f8rste spillere inden for salg af festartikler og udkl\u00e6dning. Sammen vil vi sprede mere glimmer, gl\u00e6de og gode fester ud til mange flere fantastiske kunder &#8211; b\u00e5de i Danmark og med tiden resten af Norden. Samtidig f\u00e5r jeg mulighed for at fokusere p\u00e5 det, som jeg er allerbedst til &#8211; nemlig at udvikle mit kreative party univers og give jer de bedste tips og tricks til at holde uforglemmelige fester \ud83e\udd73<\/p>\n\n\n\n<p>Jeg er fortsat party queen for Party In A Box, og jeg forts\u00e6tter med at drive virksomheden videre som sin egen enhed i Eg\u00e5, Aarhus, men nu med endnu mere festlig power i ryggen!<\/p>\n\n\n\n<p>Rigtig god forn\u00f8jelse! \ud83e\udd73<br>De bedste festhilsner <\/p>\n\n\n\n<figure class=\"wp-block-image is-resized\"><img loading=\"lazy\" decoding=\"async\" src=\"https:\/\/partyinabox.dk\/party\/wp-content\/uploads\/2019\/10\/th_signatur_outline.png\" alt=\"\" class=\"wp-image-4364\" style=\"width:170px;height:33px\" width=\"170\" height=\"33\" srcset=\"https:\/\/partyinabox.dk\/party\/wp-content\/uploads\/2019\/10\/th_signatur_outline.png 320w, https:\/\/partyinabox.dk\/party\/wp-content\/uploads\/2019\/10\/th_signatur_outline-300x59.png 300w\" sizes=\"auto, (max-width: 170px) 100vw, 170px\" \/><\/figure>\n\n\n\n<p><a class=\"button\" href=\"\/party\/temaer\">WOW &#8211; jeg er klar til at mixe min box<\/a><\/p>\n","protected":false},"excerpt":{"rendered":"<p>Om mig&#8211; Fra dr\u00f8m til virkelighed Ideen til Party In A Box blev skabt, da jeg ofte har h\u00f8rt, hvor meget tid for\u00e6ldre bruger p\u00e5, at lave den ultimative f\u00f8dselsdagsfest til deres b\u00f8rn. B\u00f8rnene har ofte store \u00f8nsker og forventninger [&hellip;]<\/p>\n","protected":false},"author":2,"featured_media":28452,"parent":0,"menu_order":0,"comment_status":"closed","ping_status":"closed","template":"","meta":{"_acf_changed":false,"footnotes":""},"class_list":["post-28","page","type-page","status-publish","format-standard","has-post-thumbnail","hentry"],"acf":[],"_links":{"self":[{"href":"https:\/\/partyinabox.dk\/party\/wp-json\/wp\/v2\/pages\/28","targetHints":{"allow":["GET"]}}],"collection":[{"href":"https:\/\/partyinabox.dk\/party\/wp-json\/wp\/v2\/pages"}],"about":[{"href":"https:\/\/partyinabox.dk\/party\/wp-json\/wp\/v2\/types\/page"}],"author":[{"embeddable":true,"href":"https:\/\/partyinabox.dk\/party\/wp-json\/wp\/v2\/users\/2"}],"replies":[{"embeddable":true,"href":"https:\/\/partyinabox.dk\/party\/wp-json\/wp\/v2\/comments?post=28"}],"version-history":[{"count":0,"href":"https:\/\/partyinabox.dk\/party\/wp-json\/wp\/v2\/pages\/28\/revisions"}],"wp:featuredmedia":[{"embeddable":true,"href":"https:\/\/partyinabox.dk\/party\/wp-json\/wp\/v2\/media\/28452"}],"wp:attachment":[{"href":"https:\/\/partyinabox.dk\/party\/wp-json\/wp\/v2\/media?parent=28"}],"curies":[{"name":"wp","href":"https:\/\/api.w.org\/{rel}","templated":true}]}}