{"id":20730,"date":"2020-11-09T11:17:01","date_gmt":"2020-11-09T11:17:01","guid":{"rendered":"https:\/\/partyinabox.dk\/kids\/?post_type=product&#038;p=20730"},"modified":"2024-01-19T12:34:23","modified_gmt":"2024-01-19T11:34:23","slug":"lyseroed-haandsprit-beholder-med-spray-10-stk","status":"publish","type":"product","link":"https:\/\/partyinabox.dk\/kids\/produkt\/lyseroed-haandsprit-beholder-med-spray-10-stk\/","title":{"rendered":"Lyser\u00f8d h\u00e5ndsprit beholder med spray (10 stk)"},"content":{"rendered":"","protected":false},"excerpt":{"rendered":"<p>Smart, lyser\u00f8d Party In A Box beholder til h\u00e5ndsprit, s\u00e5 du nemt kan spraye h\u00e6nderne med sprit. Beholderen har en god st\u00f8rrelse, som b\u00e5de passer til den lille h\u00e5ndtaske og til at ligge ved hver tallerken til dine g\u00e6ster. Beholderen fyldes nemt op igen og igen med h\u00e5ndsprit ved bare at skrue toppen af. Bem\u00e6rk: beholderen kommer tom, og du skal derfor selv p\u00e5fylde h\u00e5ndsprit.<\/p>\n","protected":false},"featured_media":20731,"comment_status":"open","ping_status":"closed","template":"","meta":{"_acf_changed":false},"product_brand":[],"product_cat":[34],"product_tag":[69],"class_list":{"0":"post-20730","1":"product","2":"type-product","3":"status-publish","4":"has-post-thumbnail","6":"product_cat-ukategoriseret","7":"product_tag-69","8":"product_shipping_class-fragt-shop-delivery","10":"first","11":"outofstock","12":"taxable","13":"shipping-taxable","14":"purchasable","15":"product-type-simple"},"bundled_by":[],"bundle_stock_status":"outofstock","bundle_stock_quantity":null,"bundle_virtual":false,"bundle_layout":"","bundle_add_to_cart_form_location":"","bundle_editable_in_cart":false,"bundle_sold_individually_context":"","bundle_item_grouping":"","bundle_min_size":"","bundle_max_size":"","bundle_price":[],"bundled_items":[],"bundle_sell_ids":[],"acf":[],"_links":{"self":[{"href":"https:\/\/partyinabox.dk\/kids\/wp-json\/wp\/v2\/product\/20730","targetHints":{"allow":["GET"]}}],"collection":[{"href":"https:\/\/partyinabox.dk\/kids\/wp-json\/wp\/v2\/product"}],"about":[{"href":"https:\/\/partyinabox.dk\/kids\/wp-json\/wp\/v2\/types\/product"}],"replies":[{"embeddable":true,"href":"https:\/\/partyinabox.dk\/kids\/wp-json\/wp\/v2\/comments?post=20730"}],"wp:featuredmedia":[{"embeddable":true,"href":"https:\/\/partyinabox.dk\/kids\/wp-json\/wp\/v2\/media\/20731"}],"wp:attachment":[{"href":"https:\/\/partyinabox.dk\/kids\/wp-json\/wp\/v2\/media?parent=20730"}],"wp:term":[{"taxonomy":"product_brand","embeddable":true,"href":"https:\/\/partyinabox.dk\/kids\/wp-json\/wp\/v2\/product_brand?post=20730"},{"taxonomy":"product_cat","embeddable":true,"href":"https:\/\/partyinabox.dk\/kids\/wp-json\/wp\/v2\/product_cat?post=20730"},{"taxonomy":"product_tag","embeddable":true,"href":"https:\/\/partyinabox.dk\/kids\/wp-json\/wp\/v2\/product_tag?post=20730"}],"curies":[{"name":"wp","href":"https:\/\/api.w.org\/{rel}","templated":true}]}}